{"id":575,"date":"2016-08-17T13:36:00","date_gmt":"2016-08-17T13:36:00","guid":{"rendered":"https:\/\/akts.sk\/kontakt\/"},"modified":"2022-04-06T12:40:09","modified_gmt":"2022-04-06T10:40:09","slug":"contact","status":"publish","type":"page","link":"https:\/\/akts.sk\/en\/contact\/","title":{"rendered":"Contact"},"content":{"rendered":"<p>47.988087<\/p>\n<p>18.1686468<\/p>\n<p>16<\/p>\n<p>600<\/p>\n<p>ROADMAP<\/p>\n<p>box<\/p>\n<p>Desc<\/p>\n<h4 style=\"color: #fff; margin: 3px 0 0 0;\">Advok\u00e1tska kancel\u00e1ria Timoransk\u00e1 &amp; \u0160tofkov\u00e1 s.r.o.<\/h4>\n<p>center<\/p>\n<p>no-repeat;center top;;<\/p>\n<p>auto<\/p>\n<p>Kontaktujte n\u00e1s<\/p>\n<p>line<\/p>\n<p>Kontaktne udaje<\/p>\n<h5>Advok\u00e1tska kancel\u00e1ria Timoransk\u00e1 &amp; \u0160tofkov\u00e1 s.r.o.<\/h5>\n<p>Pribinova 9, 940 01 Nov\u00e9 Z\u00e1mky<br \/>\n<b>Tel.: <\/b><a href=\"tel:+4210356401813\">035\/6401813<\/a><br \/>\n<b>Tel.: <\/b><a href=\"tel:+4210356428072\">035\/6428072<\/a><br \/>\n<b>E-mail: <\/b><a href=\"mailto:office@akts.sk\">office@akts.sk<\/a><\/p>\n<p><b>I\u010cO: <\/b>36813401<br \/>\n<b>DI\u010c: <\/b>2022425185<br \/>\n<b>I\u010c DPH: <\/b>SK2022425185<\/p>\n<p>Zap\u00edsan\u00e1 v obchodnom registri okresn\u00e9ho s\u00fadu v Nitre v od Sro vo vl.\u010d. 20402\/N<\/p>\n<p>no-repeat;center top;;<\/p>\n<p>auto<\/p>\n<p>10px<\/p>\n<p>Kontaktny formular<\/p>\n<div role=\"form\" class=\"wpcf7\" id=\"wpcf7-f7-o1\" lang=\"sk-SK\" dir=\"ltr\">\n<div class=\"screen-reader-response\"><p role=\"status\" aria-live=\"polite\" aria-atomic=\"true\"><\/p> <ul><\/ul><\/div>\n<form action=\"\/en\/wp-json\/wp\/v2\/pages\/575#wpcf7-f7-o1\" method=\"post\" class=\"wpcf7-form init wpcf7-acceptance-as-validation\" novalidate=\"novalidate\" data-status=\"init\">\n<div style=\"display: none;\">\n<input type=\"hidden\" name=\"_wpcf7\" value=\"7\" \/>\n<input type=\"hidden\" name=\"_wpcf7_version\" value=\"5.5.6\" \/>\n<input type=\"hidden\" name=\"_wpcf7_locale\" value=\"sk_SK\" \/>\n<input type=\"hidden\" name=\"_wpcf7_unit_tag\" value=\"wpcf7-f7-o1\" \/>\n<input type=\"hidden\" name=\"_wpcf7_container_post\" value=\"0\" \/>\n<input type=\"hidden\" name=\"_wpcf7_posted_data_hash\" value=\"\" \/>\n<input type=\"hidden\" name=\"_wpcf7_recaptcha_response\" value=\"\" \/>\n<\/div>\n<div class=\"column one-second\"><span class=\"wpcf7-form-control-wrap your-name\"><input type=\"text\" name=\"your-name\" value=\"\" size=\"40\" class=\"wpcf7-form-control wpcf7-text wpcf7-validates-as-required\" aria-required=\"true\" aria-invalid=\"false\" placeholder=\"Va\u0161e meno\" \/><\/span> <\/div>\n<div class=\"column one-second\"><span class=\"wpcf7-form-control-wrap your-email\"><input type=\"email\" name=\"your-email\" value=\"\" size=\"40\" class=\"wpcf7-form-control wpcf7-text wpcf7-email wpcf7-validates-as-required wpcf7-validates-as-email\" aria-required=\"true\" aria-invalid=\"false\" placeholder=\"V\u00e1\u0161 email\" \/><\/span> <\/div>\n<div class=\"column one\"><span class=\"wpcf7-form-control-wrap your-subject\"><input type=\"text\" name=\"your-subject\" value=\"\" size=\"40\" class=\"wpcf7-form-control wpcf7-text\" aria-invalid=\"false\" placeholder=\"Predmet\" \/><\/span> <\/div>\n<div class=\"column one\"><span class=\"wpcf7-form-control-wrap your-message\"><textarea name=\"your-message\" cols=\"40\" rows=\"5\" class=\"wpcf7-form-control wpcf7-textarea\" aria-invalid=\"false\" placeholder=\"Va\u0161a spr\u00e1va\"><\/textarea><\/span><\/div>\n<div class=\"column one\">\n<div class=\"gdpr\">\n<span class=\"wpcf7-form-control-wrap GDPR\"><span class=\"wpcf7-form-control wpcf7-acceptance\"><span class=\"wpcf7-list-item\"><label><input type=\"checkbox\" name=\"GDPR\" value=\"1\" aria-invalid=\"false\" \/><span class=\"wpcf7-list-item-label\">Obozn\u00e1mil som sa a s\u00fahlas\u00edm so spracovan\u00edm <a href=\"\/spracovanie-osobnych-udajov\/\" target=\"_Blank\">osobn\u00fdch \u00fadajov<\/a>.<\/span><\/label><\/span><\/span><\/span>\n<p class=\"recapcha-text mb-0\">T\u00e1to str\u00e1nka je chr\u00e1nen\u00e1 z\u00e1konom reCAPTCHA a uplat\u0148uj\u00fa sa <a href=\"https:\/\/policies.google.com\/privacy\" target=\"_Blank\">Pravidl\u00e1 ochrany osobn\u00fdch \u00fadajov<\/a> spolo\u010dnosti Google a <a href=\"https:\/\/policies.google.com\/terms\" target=\"_Blank\">Zmluvn\u00e9 podmienky<\/a>.<\/p>\n<\/div>\n<\/div>\n<div class=\"column one\"><input type=\"submit\" value=\"Odosla\u0165\" class=\"wpcf7-form-control has-spinner wpcf7-submit\" \/><\/div>\n<div class=\"wpcf7-response-output\" aria-hidden=\"true\"><\/div><\/form><\/div>\n<p>no-repeat;center top;;<\/p>\n<p>auto<\/p>\n<p>JUDr. Tatiana Timoransk\u00e1<\/p>\n<p>advok\u00e1t<\/p>\n<p>+421 918 907 247<\/p>\n<p>timoranska@akts.sk<\/p>\n<p>circle<\/p>\n<p>JUDr. Ing. Petra \u0160tofkov\u00e1<\/p>\n<p>advok\u00e1t<\/p>\n<p>+421 907 120 080<\/p>\n<p>stofkova@akts.sk<\/p>\n<p>circle<\/p>\n<p>Mgr. Ivana Vitekov\u00e1<\/p>\n<p>Zuzana Katonov\u00e1<\/p>\n<p>asistentka<\/p>\n<p>+421 918 907 249<\/p>\n<p>office@akts.sk<\/p>\n<p>circle<\/p>\n<p>Kontaktne udaje<\/p>\n<p><b>JUDr.Tatiana Timoransk\u00e1<\/b> <i>advok\u00e1t<\/i><br \/>\n<b>Mob: <\/b><a href=\"0918\/907 247\">0918\/907 247<\/a><br \/>\n<b>E-mail: <\/b><a href=\"mailto:timoranska@akts.sk\">timoranska@akts.sk<\/a><\/p>\n<p><b>JUDr. Ing. Petra \u0160tofkov\u00e1<\/b> <i>advok\u00e1t<\/i><br \/>\n<b>Mob:<\/b> <a href=\"tel:0907\/120 080\"> 0907\/120 080<\/a><br \/>\n<b>E-mail:<\/b><a href=\"mailto:office@stofkova@akts.sk\"> stofkova@akts.sk<\/a><\/p>\n<p><b>Mgr. Ivana Vitekov\u00e1 <\/b><em>asistentka\u00a0<\/em><\/p>\n<p><b>Zuzana Katonov\u00e1 <\/b><em>asistentka\u00a0<\/em><\/p>\n<p><b>Mob: <\/b><a href=\"0918\/907 249\">0918\/907 249<\/a><\/p>\n<p>no-repeat;center top;;<\/p>\n<p>auto<\/p>\n","protected":false},"excerpt":{"rendered":"<p>47.988087 18.1686468 16 600 ROADMAP box Desc Advok\u00e1tska kancel\u00e1ria Timoransk\u00e1 &amp; \u0160tofkov\u00e1 s.r.o. center no-repeat;center top;; auto Kontaktujte n\u00e1s line Kontaktne udaje Advok\u00e1tska kancel\u00e1ria Timoransk\u00e1 &amp;<span class=\"excerpt-hellip\"> [\u2026]<\/span><\/p>\n","protected":false},"author":2,"featured_media":0,"parent":0,"menu_order":0,"comment_status":"closed","ping_status":"closed","template":"","meta":[],"yoast_head":"<!-- This site is optimized with the Yoast SEO plugin v18.4.1 - https:\/\/yoast.com\/wordpress\/plugins\/seo\/ -->\n<title>Kontakt - Advok\u00e1tska kancel\u00e1ria Timoransk\u00e1 &amp; \u0160tofkov\u00e1 s.r.o.<\/title>\n<meta name=\"description\" content=\"Kontakt: Advok\u00e1tska kancel\u00e1ria Timoransk\u00e1 &amp; \u0160tofkov\u00e1 s.r.o.. Pribinova 9, 940 01 Nov\u00e9 Z\u00e1mky. Tel.\/Fax: 035\/6401813. Tel.: 035\/6428072. E-mail: office@akts.sk. I\u010cO: 36813401. DI\u010c: 2022425185. I\u010c DPH: SK2022425185\" \/>\n<meta name=\"robots\" content=\"index, follow, max-snippet:-1, max-image-preview:large, max-video-preview:-1\" \/>\n<link rel=\"canonical\" href=\"https:\/\/akts.sk\/en\/contact\/\" \/>\n<meta property=\"og:locale\" content=\"en_US\" \/>\n<meta property=\"og:type\" content=\"article\" \/>\n<meta property=\"og:title\" content=\"Kontakt - Advok\u00e1tska kancel\u00e1ria Timoransk\u00e1 &amp; \u0160tofkov\u00e1 s.r.o.\" \/>\n<meta property=\"og:description\" content=\"Kontakt: Advok\u00e1tska kancel\u00e1ria Timoransk\u00e1 &amp; \u0160tofkov\u00e1 s.r.o.. Pribinova 9, 940 01 Nov\u00e9 Z\u00e1mky. Tel.\/Fax: 035\/6401813. Tel.: 035\/6428072. E-mail: office@akts.sk. I\u010cO: 36813401. DI\u010c: 2022425185. I\u010c DPH: SK2022425185\" \/>\n<meta property=\"og:url\" content=\"https:\/\/akts.sk\/en\/contact\/\" \/>\n<meta property=\"og:site_name\" content=\"AKTS\" \/>\n<meta property=\"article:modified_time\" content=\"2022-04-06T10:40:09+00:00\" \/>\n<meta name=\"twitter:card\" content=\"summary\" \/>\n<meta name=\"twitter:label1\" content=\"Est. reading time\" \/>\n\t<meta name=\"twitter:data1\" content=\"1 minute\" \/>\n<script type=\"application\/ld+json\" class=\"yoast-schema-graph\">{\"@context\":\"https:\/\/schema.org\",\"@graph\":[{\"@type\":\"WebSite\",\"@id\":\"https:\/\/akts.sk\/#website\",\"url\":\"https:\/\/akts.sk\/\",\"name\":\"AKTS\",\"description\":\"Advok\u00e1tska kancel\u00e1ria\",\"potentialAction\":[{\"@type\":\"SearchAction\",\"target\":{\"@type\":\"EntryPoint\",\"urlTemplate\":\"https:\/\/akts.sk\/?s={search_term_string}\"},\"query-input\":\"required name=search_term_string\"}],\"inLanguage\":\"en-US\"},{\"@type\":\"WebPage\",\"@id\":\"https:\/\/akts.sk\/en\/contact\/#webpage\",\"url\":\"https:\/\/akts.sk\/en\/contact\/\",\"name\":\"Kontakt - Advok\u00e1tska kancel\u00e1ria Timoransk\u00e1 & \u0160tofkov\u00e1 s.r.o.\",\"isPartOf\":{\"@id\":\"https:\/\/akts.sk\/#website\"},\"datePublished\":\"2016-08-17T13:36:00+00:00\",\"dateModified\":\"2022-04-06T10:40:09+00:00\",\"description\":\"Kontakt: Advok\u00e1tska kancel\u00e1ria Timoransk\u00e1 & \u0160tofkov\u00e1 s.r.o.. Pribinova 9, 940 01 Nov\u00e9 Z\u00e1mky. Tel.\/Fax: 035\/6401813. Tel.: 035\/6428072. E-mail: office@akts.sk. I\u010cO: 36813401. DI\u010c: 2022425185. I\u010c DPH: SK2022425185\",\"breadcrumb\":{\"@id\":\"https:\/\/akts.sk\/en\/contact\/#breadcrumb\"},\"inLanguage\":\"en-US\",\"potentialAction\":[{\"@type\":\"ReadAction\",\"target\":[\"https:\/\/akts.sk\/en\/contact\/\"]}]},{\"@type\":\"BreadcrumbList\",\"@id\":\"https:\/\/akts.sk\/en\/contact\/#breadcrumb\",\"itemListElement\":[{\"@type\":\"ListItem\",\"position\":1,\"name\":\"Home\",\"item\":\"https:\/\/akts.sk\/en\/\"},{\"@type\":\"ListItem\",\"position\":2,\"name\":\"Contact\"}]}]}<\/script>\n<!-- \/ Yoast SEO plugin. -->","yoast_head_json":{"title":"Kontakt - Advok\u00e1tska kancel\u00e1ria Timoransk\u00e1 & \u0160tofkov\u00e1 s.r.o.","description":"Kontakt: Advok\u00e1tska kancel\u00e1ria Timoransk\u00e1 & \u0160tofkov\u00e1 s.r.o.. Pribinova 9, 940 01 Nov\u00e9 Z\u00e1mky. Tel.\/Fax: 035\/6401813. Tel.: 035\/6428072. E-mail: office@akts.sk. I\u010cO: 36813401. DI\u010c: 2022425185. I\u010c DPH: SK2022425185","robots":{"index":"index","follow":"follow","max-snippet":"max-snippet:-1","max-image-preview":"max-image-preview:large","max-video-preview":"max-video-preview:-1"},"canonical":"https:\/\/akts.sk\/en\/contact\/","og_locale":"en_US","og_type":"article","og_title":"Kontakt - Advok\u00e1tska kancel\u00e1ria Timoransk\u00e1 & \u0160tofkov\u00e1 s.r.o.","og_description":"Kontakt: Advok\u00e1tska kancel\u00e1ria Timoransk\u00e1 & \u0160tofkov\u00e1 s.r.o.. Pribinova 9, 940 01 Nov\u00e9 Z\u00e1mky. Tel.\/Fax: 035\/6401813. Tel.: 035\/6428072. E-mail: office@akts.sk. I\u010cO: 36813401. DI\u010c: 2022425185. I\u010c DPH: SK2022425185","og_url":"https:\/\/akts.sk\/en\/contact\/","og_site_name":"AKTS","article_modified_time":"2022-04-06T10:40:09+00:00","twitter_card":"summary","twitter_misc":{"Est. reading time":"1 minute"},"schema":{"@context":"https:\/\/schema.org","@graph":[{"@type":"WebSite","@id":"https:\/\/akts.sk\/#website","url":"https:\/\/akts.sk\/","name":"AKTS","description":"Advok\u00e1tska kancel\u00e1ria","potentialAction":[{"@type":"SearchAction","target":{"@type":"EntryPoint","urlTemplate":"https:\/\/akts.sk\/?s={search_term_string}"},"query-input":"required name=search_term_string"}],"inLanguage":"en-US"},{"@type":"WebPage","@id":"https:\/\/akts.sk\/en\/contact\/#webpage","url":"https:\/\/akts.sk\/en\/contact\/","name":"Kontakt - Advok\u00e1tska kancel\u00e1ria Timoransk\u00e1 & \u0160tofkov\u00e1 s.r.o.","isPartOf":{"@id":"https:\/\/akts.sk\/#website"},"datePublished":"2016-08-17T13:36:00+00:00","dateModified":"2022-04-06T10:40:09+00:00","description":"Kontakt: Advok\u00e1tska kancel\u00e1ria Timoransk\u00e1 & \u0160tofkov\u00e1 s.r.o.. Pribinova 9, 940 01 Nov\u00e9 Z\u00e1mky. Tel.\/Fax: 035\/6401813. Tel.: 035\/6428072. E-mail: office@akts.sk. I\u010cO: 36813401. DI\u010c: 2022425185. I\u010c DPH: SK2022425185","breadcrumb":{"@id":"https:\/\/akts.sk\/en\/contact\/#breadcrumb"},"inLanguage":"en-US","potentialAction":[{"@type":"ReadAction","target":["https:\/\/akts.sk\/en\/contact\/"]}]},{"@type":"BreadcrumbList","@id":"https:\/\/akts.sk\/en\/contact\/#breadcrumb","itemListElement":[{"@type":"ListItem","position":1,"name":"Home","item":"https:\/\/akts.sk\/en\/"},{"@type":"ListItem","position":2,"name":"Contact"}]}]}},"_links":{"self":[{"href":"https:\/\/akts.sk\/en\/wp-json\/wp\/v2\/pages\/575"}],"collection":[{"href":"https:\/\/akts.sk\/en\/wp-json\/wp\/v2\/pages"}],"about":[{"href":"https:\/\/akts.sk\/en\/wp-json\/wp\/v2\/types\/page"}],"author":[{"embeddable":true,"href":"https:\/\/akts.sk\/en\/wp-json\/wp\/v2\/users\/2"}],"replies":[{"embeddable":true,"href":"https:\/\/akts.sk\/en\/wp-json\/wp\/v2\/comments?post=575"}],"version-history":[{"count":1,"href":"https:\/\/akts.sk\/en\/wp-json\/wp\/v2\/pages\/575\/revisions"}],"predecessor-version":[{"id":576,"href":"https:\/\/akts.sk\/en\/wp-json\/wp\/v2\/pages\/575\/revisions\/576"}],"wp:attachment":[{"href":"https:\/\/akts.sk\/en\/wp-json\/wp\/v2\/media?parent=575"}],"curies":[{"name":"wp","href":"https:\/\/api.w.org\/{rel}","templated":true}]}}