{"id":469,"date":"2016-08-17T13:35:11","date_gmt":"2016-08-17T13:35:11","guid":{"rendered":"https:\/\/akts.sk\/o-nas\/?lang=en"},"modified":"2025-04-24T13:59:25","modified_gmt":"2025-04-24T11:59:25","slug":"about-us","status":"publish","type":"page","link":"https:\/\/akts.sk\/en\/about-us\/","title":{"rendered":"About us"},"content":{"rendered":"<p>N\u00e1zov<\/p>\n<h2>Advok\u00e1tska kancel\u00e1ria Timoransk\u00e1 &amp; \u0160tofkov\u00e1 s.r.o.<\/h2>\n<p>no-repeat;center top;;<\/p>\n<p>auto<\/p>\n<p>0px<\/p>\n<p>O nas<\/p>\n<p>Advok\u00e1tska kancel\u00e1ria bola zalo\u017een\u00e1 zakladaj\u00facou advok\u00e1tkou JUDr. Tatianou Timoranskou v roku 1995. Odvtedy sa kancel\u00e1ria postupne rozv\u00edja a poskytuje pr\u00e1vne slu\u017eby tak podnikate\u013eom a obchodn\u00fdm spolo\u010dnostiam, ako aj fyzick\u00fdm osob\u00e1m \u2013nepodnikate\u013eom.<\/p>\n<p>V s\u00fa\u010dasnosti sa n\u00e1\u0161 t\u00edm sklad\u00e1 z dvoch ved\u00facich partneriek, dvoch koncipientov, pr\u00e1vnych asistentov a ved\u00facej kancel\u00e1rie. Patr\u00edme medzi men\u0161ie kancel\u00e1rie, v\u010faka \u010domu v\u0161ak vieme poskytn\u00fa\u0165 individu\u00e1lny pr\u00edstup pre ka\u017ed\u00e9ho klienta a priamy kontakt s advok\u00e1tom. Bohat\u00e9 sk\u00fasenosti v kombin\u00e1cii s d\u00f4razom na neust\u00e1ly profesion\u00e1lny rast v\u0161etk\u00fdch na\u0161ich \u010dlenov n\u00e1m umo\u017e\u0148uj\u00fa poskytova\u0165 na\u0161im klientom slu\u017eby na najvy\u0161\u0161ej profesion\u00e1lnej \u00farovni.<\/p>\n<p>Rozsah poskytovan\u00fdch slu\u017eieb je dan\u00fd \u0161trukt\u00farou na\u0161ich klientov a ich dopytom po pr\u00e1vnych slu\u017eb\u00e1ch v na\u0161ej kancel\u00e1rii. V r\u00e1mci toho mo\u017eno zhrn\u00fa\u0165, \u017ee v na\u0161ej kancel\u00e1rii v s\u00fa\u010dasnosti prevl\u00e1daj\u00fa pr\u00e1vne slu\u017eby z t\u00fdchto oblasti: ob\u010dianske pr\u00e1vo, obchodn\u00e9 pr\u00e1vo, rodinn\u00e9 pr\u00e1vo a konkurzn\u00e9 pr\u00e1vo, zastre\u0161ujeme v\u0161ak aj agendu trestnopr\u00e1vnu, zastupujeme v da\u0148ov\u00fdch veciach a in\u00fdch spr\u00e1vnopr\u00e1vnych sporoch.<\/p>\n<p>Pri pr\u00e1ci na\u0161a advok\u00e1tska kancel\u00e1ria vyu\u017e\u00edva in\u0161tit\u00fat autoriz\u00e1cie zml\u00fav a podania so zaru\u010den\u00fdm elektronick\u00fdm podpisom, pri\u010dom komunik\u00e1cia prostredn\u00edctvom elektronick\u00fdch podan\u00ed prin\u00e1\u0161a na\u0161im klientom okrem \u00faspory \u010dasu aj \u00fasporu na spr\u00e1vnych a s\u00fadnych poplatkoch.<\/p>\n<p>Pr\u00e1vne slu\u017eby poskytujeme v slovenskom, ma\u010farskom a anglickom jazyku.<\/p>\n<p>justify<\/p>\n<p>no-repeat;center top;;<\/p>\n<p>auto<\/p>\n<p>211,212,213<\/p>\n<p>3<\/p>\n<p>medium<\/p>\n<p>flat<\/p>\n<p>\u00daspe\u0161ne ukon\u010den\u00fdch sporov<\/p>\n<p>icon-thumbs-up-line<\/p>\n<p>150<\/p>\n<p>+<\/p>\n<p>vertical<\/p>\n<p>Rokov na trhu<\/p>\n<p>icon-briefcase<\/p>\n<p>22<\/p>\n<p>vertical<\/p>\n<p>Spokojn\u00fdch z\u00e1kazn\u00edkov<\/p>\n<p>icon-users<\/p>\n<p>200<\/p>\n<p>+<\/p>\n<p>vertical<\/p>\n<p>N\u00e1\u0161 t\u00edm<\/p>\n<h3>N\u00e1\u0161 t\u00edm<\/h3>\n<p>center<\/p>\n<p>no-repeat;center top;;<\/p>\n<p>auto<\/p>\n<p>menu_order<\/p>\n<p>ASC<\/p>\n<p>single-photo<\/p>\n<p><img src=\"http:\/\/akts.sk\/wp-content\/uploads\/2018\/01\/pecat3.png\" alt=\"pecat3\" \/><\/p>\n<p>large<\/p>\n<p>200<\/p>\n<p>Socialne ikony<\/p>\n<p style=\"font-size: 30px;\"><i class=\"icon-facebook\"><\/i><br \/>\n<i class=\"icon-skype\"><\/i><br \/>\n<i class=\"icon-email\"><\/i><br \/>\n<i class=\"icon-call\"><\/i><\/p>\n<p>no-repeat;center top;;<\/p>\n<p>auto<\/p>\n<p>Heading<\/p>\n<h2>Mauris nec<\/h2>\n<p>no-repeat;center top;;<\/p>\n<p>auto<\/p>\n<p>20px<\/p>\n<p>Desc<\/p>\n<p>Vestibulum fermentum. Morbi molestie, neque vitae ultrices nec, elementum dui. Maecenas ligula sed porta laoreet. Nam placerat tempus, fringilla neque.<\/p>\n<p>Fusce vitae sagittis lectus orci, gravida justo, dolor magna, gravida vitae, faucibus massa ac accumsan lectus blandit quis.<\/p>\n<p>no-repeat;center top;;<\/p>\n<p>auto<\/p>\n<p>0 0 0 30px<\/p>\n<p><img src=\"http:\/\/akts.esystem.sk\/wp-content\/uploads\/2016\/08\/home_lawyer2_company1.jpg\" alt=\"\" \/><\/p>\n<p>center<\/p>\n","protected":false},"excerpt":{"rendered":"<p>N\u00e1zov Advok\u00e1tska kancel\u00e1ria Timoransk\u00e1 &amp; \u0160tofkov\u00e1 s.r.o. no-repeat;center top;; auto 0px O nas Advok\u00e1tska kancel\u00e1ria bola zalo\u017een\u00e1 zakladaj\u00facou advok\u00e1tkou JUDr. Tatianou Timoranskou v roku 1995. Odvtedy<span class=\"excerpt-hellip\"> [\u2026]<\/span><\/p>\n","protected":false},"author":2,"featured_media":0,"parent":0,"menu_order":0,"comment_status":"closed","ping_status":"closed","template":"","meta":[],"yoast_head":"<!-- This site is optimized with the Yoast SEO plugin v18.4.1 - https:\/\/yoast.com\/wordpress\/plugins\/seo\/ -->\n<title>O n\u00e1s | Advok\u00e1tska kancel\u00e1ria Timoransk\u00e1 &amp; \u0160tofkov\u00e1 s.r.o.<\/title>\n<meta name=\"description\" content=\"Advok\u00e1tska kancel\u00e1ria bola zalo\u017een\u00e1 zakladaj\u00facou advok\u00e1tkou JUDr. Tatianou Timoranskou v roku 1995. Odvtedy sa kancel\u00e1ria postupne rozv\u00edja a poskytuje pr\u00e1vne slu\u017eby tak podnikate\u013eom a obchodn\u00fdm spolo\u010dnostiam, ako aj fyzick\u00fdm osob\u00e1m \u2013nepodnikate\u013eom.\" \/>\n<meta name=\"robots\" content=\"index, follow, max-snippet:-1, max-image-preview:large, max-video-preview:-1\" \/>\n<link rel=\"canonical\" href=\"https:\/\/akts.sk\/en\/about-us\/\" \/>\n<meta property=\"og:locale\" content=\"en_US\" \/>\n<meta property=\"og:type\" content=\"article\" \/>\n<meta property=\"og:title\" content=\"O n\u00e1s | Advok\u00e1tska kancel\u00e1ria Timoransk\u00e1 &amp; \u0160tofkov\u00e1 s.r.o.\" \/>\n<meta property=\"og:description\" content=\"Advok\u00e1tska kancel\u00e1ria bola zalo\u017een\u00e1 zakladaj\u00facou advok\u00e1tkou JUDr. Tatianou Timoranskou v roku 1995. Odvtedy sa kancel\u00e1ria postupne rozv\u00edja a poskytuje pr\u00e1vne slu\u017eby tak podnikate\u013eom a obchodn\u00fdm spolo\u010dnostiam, ako aj fyzick\u00fdm osob\u00e1m \u2013nepodnikate\u013eom.\" \/>\n<meta property=\"og:url\" content=\"https:\/\/akts.sk\/en\/about-us\/\" \/>\n<meta property=\"og:site_name\" content=\"AKTS\" \/>\n<meta property=\"article:modified_time\" content=\"2025-04-24T11:59:25+00:00\" \/>\n<meta property=\"og:image\" content=\"http:\/\/akts.sk\/wp-content\/uploads\/2018\/01\/pecat3.png\" \/>\n<meta name=\"twitter:card\" content=\"summary\" \/>\n<meta name=\"twitter:label1\" content=\"Est. reading time\" \/>\n\t<meta name=\"twitter:data1\" content=\"2 minutes\" \/>\n<script type=\"application\/ld+json\" class=\"yoast-schema-graph\">{\"@context\":\"https:\/\/schema.org\",\"@graph\":[{\"@type\":\"WebSite\",\"@id\":\"https:\/\/akts.sk\/#website\",\"url\":\"https:\/\/akts.sk\/\",\"name\":\"AKTS\",\"description\":\"Advok\u00e1tska kancel\u00e1ria\",\"potentialAction\":[{\"@type\":\"SearchAction\",\"target\":{\"@type\":\"EntryPoint\",\"urlTemplate\":\"https:\/\/akts.sk\/?s={search_term_string}\"},\"query-input\":\"required name=search_term_string\"}],\"inLanguage\":\"en-US\"},{\"@type\":\"ImageObject\",\"@id\":\"https:\/\/akts.sk\/en\/about-us\/#primaryimage\",\"inLanguage\":\"en-US\",\"url\":\"http:\/\/akts.sk\/wp-content\/uploads\/2018\/01\/pecat3.png\",\"contentUrl\":\"http:\/\/akts.sk\/wp-content\/uploads\/2018\/01\/pecat3.png\"},{\"@type\":\"WebPage\",\"@id\":\"https:\/\/akts.sk\/en\/about-us\/#webpage\",\"url\":\"https:\/\/akts.sk\/en\/about-us\/\",\"name\":\"O n\u00e1s | Advok\u00e1tska kancel\u00e1ria Timoransk\u00e1 & \u0160tofkov\u00e1 s.r.o.\",\"isPartOf\":{\"@id\":\"https:\/\/akts.sk\/#website\"},\"primaryImageOfPage\":{\"@id\":\"https:\/\/akts.sk\/en\/about-us\/#primaryimage\"},\"datePublished\":\"2016-08-17T13:35:11+00:00\",\"dateModified\":\"2025-04-24T11:59:25+00:00\",\"description\":\"Advok\u00e1tska kancel\u00e1ria bola zalo\u017een\u00e1 zakladaj\u00facou advok\u00e1tkou JUDr. Tatianou Timoranskou v roku 1995. Odvtedy sa kancel\u00e1ria postupne rozv\u00edja a poskytuje pr\u00e1vne slu\u017eby tak podnikate\u013eom a obchodn\u00fdm spolo\u010dnostiam, ako aj fyzick\u00fdm osob\u00e1m \u2013nepodnikate\u013eom.\",\"breadcrumb\":{\"@id\":\"https:\/\/akts.sk\/en\/about-us\/#breadcrumb\"},\"inLanguage\":\"en-US\",\"potentialAction\":[{\"@type\":\"ReadAction\",\"target\":[\"https:\/\/akts.sk\/en\/about-us\/\"]}]},{\"@type\":\"BreadcrumbList\",\"@id\":\"https:\/\/akts.sk\/en\/about-us\/#breadcrumb\",\"itemListElement\":[{\"@type\":\"ListItem\",\"position\":1,\"name\":\"Home\",\"item\":\"https:\/\/akts.sk\/en\/\"},{\"@type\":\"ListItem\",\"position\":2,\"name\":\"About us\"}]}]}<\/script>\n<!-- \/ Yoast SEO plugin. -->","yoast_head_json":{"title":"O n\u00e1s | Advok\u00e1tska kancel\u00e1ria Timoransk\u00e1 & \u0160tofkov\u00e1 s.r.o.","description":"Advok\u00e1tska kancel\u00e1ria bola zalo\u017een\u00e1 zakladaj\u00facou advok\u00e1tkou JUDr. Tatianou Timoranskou v roku 1995. Odvtedy sa kancel\u00e1ria postupne rozv\u00edja a poskytuje pr\u00e1vne slu\u017eby tak podnikate\u013eom a obchodn\u00fdm spolo\u010dnostiam, ako aj fyzick\u00fdm osob\u00e1m \u2013nepodnikate\u013eom.","robots":{"index":"index","follow":"follow","max-snippet":"max-snippet:-1","max-image-preview":"max-image-preview:large","max-video-preview":"max-video-preview:-1"},"canonical":"https:\/\/akts.sk\/en\/about-us\/","og_locale":"en_US","og_type":"article","og_title":"O n\u00e1s | Advok\u00e1tska kancel\u00e1ria Timoransk\u00e1 & \u0160tofkov\u00e1 s.r.o.","og_description":"Advok\u00e1tska kancel\u00e1ria bola zalo\u017een\u00e1 zakladaj\u00facou advok\u00e1tkou JUDr. Tatianou Timoranskou v roku 1995. Odvtedy sa kancel\u00e1ria postupne rozv\u00edja a poskytuje pr\u00e1vne slu\u017eby tak podnikate\u013eom a obchodn\u00fdm spolo\u010dnostiam, ako aj fyzick\u00fdm osob\u00e1m \u2013nepodnikate\u013eom.","og_url":"https:\/\/akts.sk\/en\/about-us\/","og_site_name":"AKTS","article_modified_time":"2025-04-24T11:59:25+00:00","og_image":[{"url":"http:\/\/akts.sk\/wp-content\/uploads\/2018\/01\/pecat3.png"}],"twitter_card":"summary","twitter_misc":{"Est. reading time":"2 minutes"},"schema":{"@context":"https:\/\/schema.org","@graph":[{"@type":"WebSite","@id":"https:\/\/akts.sk\/#website","url":"https:\/\/akts.sk\/","name":"AKTS","description":"Advok\u00e1tska kancel\u00e1ria","potentialAction":[{"@type":"SearchAction","target":{"@type":"EntryPoint","urlTemplate":"https:\/\/akts.sk\/?s={search_term_string}"},"query-input":"required name=search_term_string"}],"inLanguage":"en-US"},{"@type":"ImageObject","@id":"https:\/\/akts.sk\/en\/about-us\/#primaryimage","inLanguage":"en-US","url":"http:\/\/akts.sk\/wp-content\/uploads\/2018\/01\/pecat3.png","contentUrl":"http:\/\/akts.sk\/wp-content\/uploads\/2018\/01\/pecat3.png"},{"@type":"WebPage","@id":"https:\/\/akts.sk\/en\/about-us\/#webpage","url":"https:\/\/akts.sk\/en\/about-us\/","name":"O n\u00e1s | Advok\u00e1tska kancel\u00e1ria Timoransk\u00e1 & \u0160tofkov\u00e1 s.r.o.","isPartOf":{"@id":"https:\/\/akts.sk\/#website"},"primaryImageOfPage":{"@id":"https:\/\/akts.sk\/en\/about-us\/#primaryimage"},"datePublished":"2016-08-17T13:35:11+00:00","dateModified":"2025-04-24T11:59:25+00:00","description":"Advok\u00e1tska kancel\u00e1ria bola zalo\u017een\u00e1 zakladaj\u00facou advok\u00e1tkou JUDr. Tatianou Timoranskou v roku 1995. Odvtedy sa kancel\u00e1ria postupne rozv\u00edja a poskytuje pr\u00e1vne slu\u017eby tak podnikate\u013eom a obchodn\u00fdm spolo\u010dnostiam, ako aj fyzick\u00fdm osob\u00e1m \u2013nepodnikate\u013eom.","breadcrumb":{"@id":"https:\/\/akts.sk\/en\/about-us\/#breadcrumb"},"inLanguage":"en-US","potentialAction":[{"@type":"ReadAction","target":["https:\/\/akts.sk\/en\/about-us\/"]}]},{"@type":"BreadcrumbList","@id":"https:\/\/akts.sk\/en\/about-us\/#breadcrumb","itemListElement":[{"@type":"ListItem","position":1,"name":"Home","item":"https:\/\/akts.sk\/en\/"},{"@type":"ListItem","position":2,"name":"About us"}]}]}},"_links":{"self":[{"href":"https:\/\/akts.sk\/en\/wp-json\/wp\/v2\/pages\/469"}],"collection":[{"href":"https:\/\/akts.sk\/en\/wp-json\/wp\/v2\/pages"}],"about":[{"href":"https:\/\/akts.sk\/en\/wp-json\/wp\/v2\/types\/page"}],"author":[{"embeddable":true,"href":"https:\/\/akts.sk\/en\/wp-json\/wp\/v2\/users\/2"}],"replies":[{"embeddable":true,"href":"https:\/\/akts.sk\/en\/wp-json\/wp\/v2\/comments?post=469"}],"version-history":[{"count":3,"href":"https:\/\/akts.sk\/en\/wp-json\/wp\/v2\/pages\/469\/revisions"}],"predecessor-version":[{"id":598,"href":"https:\/\/akts.sk\/en\/wp-json\/wp\/v2\/pages\/469\/revisions\/598"}],"wp:attachment":[{"href":"https:\/\/akts.sk\/en\/wp-json\/wp\/v2\/media?parent=469"}],"curies":[{"name":"wp","href":"https:\/\/api.w.org\/{rel}","templated":true}]}}